{"id":1582,"date":"2021-11-15T11:32:47","date_gmt":"2021-11-15T11:32:47","guid":{"rendered":"https:\/\/nervous.live\/?page_id=1582"},"modified":"2025-02-06T12:05:50","modified_gmt":"2025-02-06T12:05:50","slug":"presentation-du-groupe","status":"publish","type":"page","link":"https:\/\/nervous.live\/?page_id=1582","title":{"rendered":"Pr\u00e9sentation du groupe"},"content":{"rendered":"\n<div class=\"wp-block-columns is-layout-flex wp-container-core-columns-is-layout-9d6595d7 wp-block-columns-is-layout-flex\">\n<div class=\"wp-block-column is-layout-flow wp-block-column-is-layout-flow\" style=\"flex-basis:33.33%\"><div class=\"wp-block-image\">\n<figure class=\"aligncenter size-full\"><img loading=\"lazy\" decoding=\"async\" width=\"541\" height=\"538\" src=\"http:\/\/nervous.live\/wp-content\/uploads\/2021\/11\/Logo.jpg\" alt=\"\" class=\"wp-image-1566\" srcset=\"https:\/\/nervous.live\/wp-content\/uploads\/2021\/11\/Logo.jpg 541w, https:\/\/nervous.live\/wp-content\/uploads\/2021\/11\/Logo-300x298.jpg 300w, https:\/\/nervous.live\/wp-content\/uploads\/2021\/11\/Logo-150x150.jpg 150w\" sizes=\"auto, (max-width: 541px) 100vw, 541px\" \/><\/figure>\n<\/div><\/div>\n\n\n\n<div class=\"wp-block-column is-vertically-aligned-center is-layout-flow wp-block-column-is-layout-flow\" style=\"flex-basis:66.66%\">\n<p>Groupe de reprises Rock, form\u00e9 de cinq membres, cr\u00e9\u00e9 dans les ann\u00e9es 2000 dans la r\u00e9gion d\u2019Albi.<\/p>\n\n\n\n<p>Forts des exp\u00e9riences acquises dans leurs anciennes formations, les cinq zicos sont r\u00e9unis par et pour leur passion du ROCK, ce ROCK sans lequel le groupe des <strong>Nervous Breakdown<\/strong> n&#8217;existerait pas.<\/p>\n\n\n\n<p>Courant 2018, un changement au chant signe un nouveau d\u00e9part et une nouvelle dynamique.<\/p>\n\n\n\n<p>Les go\u00fbts et influences personnelles de chacun ont permis de mettre en place un r\u00e9pertoire vari\u00e9 et r\u00e9solument ROCK, incluant de nombreux grands classiques des ann\u00e9es 60\u2019 70\u2019 80\u2019 :<\/p>\n\n\n\n<p><em>ZZ Top, Deep Purple, Noir D\u00e9sir, Rollings Stones, Pink Floyd, T\u00e9l\u00e9phone, Stevie Ray Vaughan\u2026<\/em><\/p>\n<\/div>\n<\/div>\n\n\n\n<h2 class=\"wp-block-heading\">Les membres<\/h2>\n\n\n\n<div class=\"wp-block-columns are-vertically-aligned-center is-layout-flex wp-container-core-columns-is-layout-9d6595d7 wp-block-columns-is-layout-flex\">\n<div class=\"wp-block-column is-vertically-aligned-center is-layout-flow wp-block-column-is-layout-flow\">\n<figure class=\"wp-block-gallery aligncenter has-nested-images columns-default is-cropped wp-block-gallery-1 is-layout-flex wp-block-gallery-is-layout-flex\">\n<figure class=\"wp-block-image size-large is-style-rounded\"><img loading=\"lazy\" decoding=\"async\" width=\"1024\" height=\"1024\" data-id=\"1613\" src=\"https:\/\/nervous.live\/wp-content\/uploads\/2022\/06\/Sergio-1024x1024.jpg\" alt=\"\" class=\"wp-image-1613\" srcset=\"https:\/\/nervous.live\/wp-content\/uploads\/2022\/06\/Sergio-1024x1023.jpg 1024w, https:\/\/nervous.live\/wp-content\/uploads\/2022\/06\/Sergio-300x300.jpg 300w, https:\/\/nervous.live\/wp-content\/uploads\/2022\/06\/Sergio-150x150.jpg 150w, https:\/\/nervous.live\/wp-content\/uploads\/2022\/06\/Sergio-768x767.jpg 768w, https:\/\/nervous.live\/wp-content\/uploads\/2022\/06\/Sergio-1081x1080.jpg 1081w, https:\/\/nervous.live\/wp-content\/uploads\/2022\/06\/Sergio.jpg 1480w\" sizes=\"auto, (max-width: 1024px) 100vw, 1024px\" \/><figcaption class=\"wp-element-caption\">Sergio<\/figcaption><\/figure>\n<\/figure>\n<\/div>\n\n\n\n<div class=\"wp-block-column is-vertically-aligned-center is-layout-flow wp-block-column-is-layout-flow\">\n<p><em><strong>Serge&nbsp;: Le m\u00e9talleu (au sens litt\u00e9ral)<\/strong><\/em><\/p>\n\n\n\n<p>Guitariste soliste, c&#8217;est le doyen du groupe, c&#8217;est le sage, &#8220;le papa du groupe&#8221;.<\/p>\n\n\n\n<p>Quand il parle, tous les autres l\u2019\u00e9coutent, plus par respect de son \u00e2ge avanc\u00e9 que pour l\u2019int\u00e9r\u00eat de ce qu\u2019il dit\u2026<\/p>\n\n\n\n<p>C\u2019est la caution technique du band : gr\u00e2ce \u00e0 sa dext\u00e9rit\u00e9 et son travail, il enquille quelques solos et rythmiques de haut vol.<\/p>\n\n\n\n<p>Il aime&nbsp;: le whisky, l\u2019expression &#8220;<em>on est foutu<\/em>&#8220;, porter des joggings, remonter son pantalon.<\/p>\n<\/div>\n<\/div>\n\n\n\n<div class=\"wp-block-columns is-layout-flex wp-container-core-columns-is-layout-9d6595d7 wp-block-columns-is-layout-flex\">\n<div class=\"wp-block-column is-vertically-aligned-center is-layout-flow wp-block-column-is-layout-flow\"><div class=\"wp-block-image is-style-rounded\">\n<figure class=\"aligncenter size-full\"><img loading=\"lazy\" decoding=\"async\" width=\"320\" height=\"328\" src=\"https:\/\/nervous.live\/wp-content\/uploads\/2021\/11\/image-6.png\" alt=\"\" class=\"wp-image-1578\" srcset=\"https:\/\/nervous.live\/wp-content\/uploads\/2021\/11\/image-6.png 320w, https:\/\/nervous.live\/wp-content\/uploads\/2021\/11\/image-6-293x300.png 293w\" sizes=\"auto, (max-width: 320px) 100vw, 320px\" \/><figcaption class=\"wp-element-caption\">Pascal<\/figcaption><\/figure>\n<\/div><\/div>\n\n\n\n<div class=\"wp-block-column is-vertically-aligned-center is-layout-flow wp-block-column-is-layout-flow\">\n<p><em><strong>Pascal&nbsp;: L\u2019optimiste<\/strong><\/em><\/p>\n\n\n\n<p>Bassiste, il est LE Beau Gosse du groupe. Jusqu&#8217;au-boutiste dans ses tenues de sc\u00e8ne, il est le Rockeur par excellence, celui qui a toujours le mot pour rire. Analyste pr\u00e9cis et juste, il poss\u00e8de la rigueur du bassiste. Un leader du groupe. Il aime : le whisky, le rock, la vie.<\/p>\n<\/div>\n<\/div>\n\n\n\n<div class=\"wp-block-columns is-layout-flex wp-container-core-columns-is-layout-9d6595d7 wp-block-columns-is-layout-flex\">\n<div class=\"wp-block-column is-vertically-aligned-center is-layout-flow wp-block-column-is-layout-flow\">\n<figure class=\"wp-block-gallery aligncenter has-nested-images columns-default is-cropped wp-block-gallery-2 is-layout-flex wp-block-gallery-is-layout-flex\">\n<figure class=\"wp-block-image size-full is-style-rounded\"><img loading=\"lazy\" decoding=\"async\" width=\"908\" height=\"724\" data-id=\"1685\" src=\"http:\/\/nervous.live\/wp-content\/uploads\/2022\/08\/fred.jpg\" alt=\"\" class=\"wp-image-1685\" srcset=\"https:\/\/nervous.live\/wp-content\/uploads\/2022\/08\/fred.jpg 908w, https:\/\/nervous.live\/wp-content\/uploads\/2022\/08\/fred-300x239.jpg 300w, https:\/\/nervous.live\/wp-content\/uploads\/2022\/08\/fred-768x612.jpg 768w\" sizes=\"auto, (max-width: 908px) 100vw, 908px\" \/><figcaption class=\"wp-element-caption\">Fred<\/figcaption><\/figure>\n<\/figure>\n<\/div>\n\n\n\n<div class=\"wp-block-column is-vertically-aligned-center is-layout-flow wp-block-column-is-layout-flow\">\n<p><em><strong>Fr\u00e9d\u00e9ric&nbsp;: Le m\u00e9tronome<\/strong><\/em><\/p>\n\n\n\n<p>Batteur, il est le perfectionniste de la formation.<\/p>\n\n\n\n<p>Rien ne lui \u00e9chappe : gare si un morceau n\u2019est pas au tempo ou s\u2019il d\u00e9marre avec un 1 \/4 de temps de retard !<\/p>\n\n\n\n<p>Il aime&nbsp;: la bi\u00e8re, Karin (peut \u00eatre plus que la bi\u00e8re d\u2019ailleurs\u2026), porter des Crocs\u00ae<\/p>\n<\/div>\n<\/div>\n\n\n\n<div class=\"wp-block-columns is-layout-flex wp-container-core-columns-is-layout-9d6595d7 wp-block-columns-is-layout-flex\">\n<div class=\"wp-block-column is-vertically-aligned-center is-layout-flow wp-block-column-is-layout-flow\"><div class=\"wp-block-image is-style-rounded\">\n<figure class=\"aligncenter size-large\"><img loading=\"lazy\" decoding=\"async\" width=\"974\" height=\"1024\" src=\"http:\/\/nervous.live\/wp-content\/uploads\/2022\/08\/jeanmy-974x1024.jpg\" alt=\"\" class=\"wp-image-1684\" srcset=\"https:\/\/nervous.live\/wp-content\/uploads\/2022\/08\/jeanmy-974x1024.jpg 974w, https:\/\/nervous.live\/wp-content\/uploads\/2022\/08\/jeanmy-285x300.jpg 285w, https:\/\/nervous.live\/wp-content\/uploads\/2022\/08\/jeanmy-768x807.jpg 768w, https:\/\/nervous.live\/wp-content\/uploads\/2022\/08\/jeanmy-1024x1076.jpg 1024w, https:\/\/nervous.live\/wp-content\/uploads\/2022\/08\/jeanmy-1028x1080.jpg 1028w, https:\/\/nervous.live\/wp-content\/uploads\/2022\/08\/jeanmy.jpg 1298w\" sizes=\"auto, (max-width: 974px) 100vw, 974px\" \/><figcaption class=\"wp-element-caption\">Jean-My<\/figcaption><\/figure>\n<\/div><\/div>\n\n\n\n<div class=\"wp-block-column is-vertically-aligned-center is-layout-flow wp-block-column-is-layout-flow\">\n<p><em><strong>Jean-Michel&nbsp;: Le technicien<\/strong><\/em><\/p>\n\n\n\n<p>Guitariste rythmique et soliste, c\u2019est le couteau suisse, le gars !!!<\/p>\n\n\n\n<p>Il sait tout faire. Monsieur sono, il s&#8217;occupe avec Ludovic de faire le son du groupe. C&#8217;est son domaine, son langage&nbsp;! il conna\u00eet tout.<\/p>\n\n\n\n<p>Force tranquille et bosseur assidu, il envoie les watts sur sa six cordes\u2026<\/p>\n\n\n\n<p>Il aime&nbsp;: son batteur, la bi\u00e8re, faire des plans de sc\u00e8ne.<\/p>\n<\/div>\n<\/div>\n\n\n\n<div class=\"wp-block-columns is-layout-flex wp-container-core-columns-is-layout-9d6595d7 wp-block-columns-is-layout-flex\">\n<div class=\"wp-block-column is-layout-flow wp-block-column-is-layout-flow\"><div class=\"wp-block-image is-style-rounded\">\n<figure class=\"aligncenter size-full\"><img loading=\"lazy\" decoding=\"async\" width=\"336\" height=\"296\" src=\"https:\/\/nervous.live\/wp-content\/uploads\/2021\/11\/image-5.png\" alt=\"\" class=\"wp-image-1575\" srcset=\"https:\/\/nervous.live\/wp-content\/uploads\/2021\/11\/image-5.png 336w, https:\/\/nervous.live\/wp-content\/uploads\/2021\/11\/image-5-300x264.png 300w\" sizes=\"auto, (max-width: 336px) 100vw, 336px\" \/><figcaption class=\"wp-element-caption\">Ludovic<\/figcaption><\/figure>\n<\/div><\/div>\n\n\n\n<div class=\"wp-block-column is-vertically-aligned-center is-layout-flow wp-block-column-is-layout-flow\">\n<p><em><strong>Ludovic&nbsp;: El ni\u00f1o<\/strong><\/em><\/p>\n\n\n\n<p>Chanteur, c&#8217;est aussi un leader du groupe.<\/p>\n\n\n\n<p>Il d\u00e9cide, il y a cinq ans, d\u2019assouvir enfin sa passion pour le chant. Toujours apprenti, il s\u2019approprie (autant que faire se peut) les morceaux et en fait une force. Sa pr\u00e9sence sc\u00e9nique alli\u00e9e \u00e0 l\u2019\u00e9nergie de sa jeunesse &#8211; relative &#8211; \u00e9lectrisent les foules.<\/p>\n\n\n\n<p>Il aime&nbsp;: chambrer Serge, beaucoup trop la bi\u00e8re, donner son avis.<\/p>\n<\/div>\n<\/div>\n\n\n\n<h2 class=\"wp-block-heading\">Le r\u00e9pertoire<\/h2>\n\n\n\n<p><a href=\"https:\/\/nervous.live\/?page_id=1408\" title=\"https:\/\/nervous.live\/?page_id=1408\">Cette page permet d&#8217;\u00e9couter quelques morceaux<\/a>, avec des enregistrements studio, en prise live.<br>Notre clip vid\u00e9o (ao\u00fbt 2021) donne <a href=\"https:\/\/nervous.live\/?p=1530\" title=\"https:\/\/nervous.live\/?p=1530\">une id\u00e9e de l&#8217;ambiance en concert<\/a>.<br><\/p>\n\n\n\n<p><\/p>\n\n\n\n<h2 class=\"wp-block-heading\">Pour nous contacter<\/h2>\n\n\n\n<p><strong>T\u00e9l\u00e9phones :<\/strong> 0x.59.29.77.33 ou 0x.21.22.10.58 (remplacer les x par les 6)<\/p>\n\n\n\n<p><strong>Email : <\/strong><a href=\"mailto:nervous.breakdown.rock@gmail.com\">nervous.breakdown.rock@gmail.com<\/a><\/p>\n\n\n\n<p><strong>Facebook : <\/strong><a href=\"https:\/\/www.facebook.com\/nbrock81\" title=\"https:\/\/www.facebook.com\/nbrock81\">@nbrock81<\/a><\/p>\n\n\n\n<p>Jumping Jack Flash<br>Sympathy For The Devil<br>Back in USSR<br>Proud Mary<br>Fortunate Son<br>The Wall<br>Confortably Numb<br>Mary Had a Little Lamb<br>Pride and joy<br>Road to Hell<br>Hotel California<br>Born to Be Wild<br>Moving on<br>Fade Away<br>Smoke on the Water<br>Gimme All Your Lovin<br>La Grange<br>Tush<br>Hygiaphone<br>Un Autre Monde<br>Tutti Frutti<br>Jailhouse Rock<br>Johnny B Good<br>Sultan of Swing<br>Antisocial<br>Etiens la Lumi\u00e8re<br>Un Jour en France<br>Un Homme Pr\u00e9ss\u00e9<br>Can&#8217;t Shake It<br>Whole Lotta Rosie<br>Seven Nation Army<br>Cocaine<br>Simple Man<br>A Ton Etoile<br>Knockin on heaven&#8217;s Door<br>Tenessee Whiskey<br>One<br>Thrill is Gone<br>C&#8217;est Toi Que Je t&#8217;Aime<br>The House of Rising Sun<br>The Door<br>Mr Jones<\/p>\n","protected":false},"excerpt":{"rendered":"<p>Groupe de reprises Rock, form\u00e9 de cinq membres, cr\u00e9\u00e9 dans les ann\u00e9es 2000 dans la r\u00e9gion d\u2019Albi. Forts des exp\u00e9riences acquises dans leurs anciennes formations, les cinq zicos sont r\u00e9unis par et pour leur passion du ROCK, ce ROCK sans lequel le groupe des Nervous Breakdown n&#8217;existerait pas. Courant 2018, un changement au chant signe&hellip; <br \/> <a class=\"read-more\" href=\"https:\/\/nervous.live\/?page_id=1582\">Read more<\/a><\/p>\n","protected":false},"author":1,"featured_media":0,"parent":0,"menu_order":0,"comment_status":"closed","ping_status":"closed","template":"","meta":{"_monsterinsights_skip_tracking":false,"_monsterinsights_sitenote_active":false,"_monsterinsights_sitenote_note":"","_monsterinsights_sitenote_category":0,"footnotes":""},"class_list":["post-1582","page","type-page","status-publish","hentry"],"aioseo_notices":[],"_links":{"self":[{"href":"https:\/\/nervous.live\/index.php?rest_route=\/wp\/v2\/pages\/1582","targetHints":{"allow":["GET"]}}],"collection":[{"href":"https:\/\/nervous.live\/index.php?rest_route=\/wp\/v2\/pages"}],"about":[{"href":"https:\/\/nervous.live\/index.php?rest_route=\/wp\/v2\/types\/page"}],"author":[{"embeddable":true,"href":"https:\/\/nervous.live\/index.php?rest_route=\/wp\/v2\/users\/1"}],"replies":[{"embeddable":true,"href":"https:\/\/nervous.live\/index.php?rest_route=%2Fwp%2Fv2%2Fcomments&post=1582"}],"version-history":[{"count":1,"href":"https:\/\/nervous.live\/index.php?rest_route=\/wp\/v2\/pages\/1582\/revisions"}],"predecessor-version":[{"id":2804,"href":"https:\/\/nervous.live\/index.php?rest_route=\/wp\/v2\/pages\/1582\/revisions\/2804"}],"wp:attachment":[{"href":"https:\/\/nervous.live\/index.php?rest_route=%2Fwp%2Fv2%2Fmedia&parent=1582"}],"curies":[{"name":"wp","href":"https:\/\/api.w.org\/{rel}","templated":true}]}}